{"id":22,"date":"2016-10-21T11:03:37","date_gmt":"2016-10-21T09:03:37","guid":{"rendered":"https:\/\/projects.lne.eu\/jrp-hydrogen\/?page_id=22"},"modified":"2018-04-27T09:57:28","modified_gmt":"2018-04-27T07:57:28","slug":"workpackages","status":"publish","type":"page","link":"https:\/\/projects.lne.eu\/jrp-advent\/workpackages\/","title":{"rendered":"Workpackages"},"content":{"rendered":"<h2><strong>WP1: Nanometrology for new materials<\/strong><\/h2>\n<p><strong>WP leader<\/strong>: <u>PTB<\/u><\/p>\n<p><strong>Other participants<\/strong>: BAM, LNE, PTB, CNRS, ELECTROSCIENCES LIMITED, UNIVERSITY OF LIVERPOOL, METAS<\/p>\n<p><strong>Objective<\/strong>: The aim of this work package is to develop complementary nano-metrologies adapted to the new class of materials proposed for the next generation of ultra-low power energy-efficient devices.<\/p>\n<p><strong>Structure<\/strong><\/p>\n<ul>\n<li><strong>Task 1.1: Impedance metrology on energy materials at the nanoscale<\/strong><\/li>\n<li><strong>Task 1.2: Analytical in-situ x-ray nanometrology<\/strong><\/li>\n<li><strong>Task 1.3: Mesoscale characterisation studies for in-situ nanometrology<\/strong><\/li>\n<\/ul>\n<p>&nbsp;<\/p>\n<hr \/>\n<h2><strong>WP2: Multi-physics Characterisation of RF components<\/strong><\/h2>\n<p><strong>WP leader<\/strong>: <u>NPL<\/u><\/p>\n<p><strong>Other participants<\/strong>: CMI, LNE, NPL, UNIVERSITY OF SURREY, UNIVERSITY OF LIVERPOOL, UNIVERSITAT POLIT\u00c8CNICA DE CATALUNYA, METAS<\/p>\n<p><strong>Objective<\/strong>: The aim of this work package is to develop frequency- and time-domain techniques for the simultaneous measurement of dynamic thermal profiles, electromagnetic field sensing, DC electrical power consumption and RF operating waveforms for a wide range of electronic components (operating in-situ, under realistic conditions).<\/p>\n<p><strong>Structure<\/strong><\/p>\n<ul>\n<li><strong>Task 2.1: Scanning probe techniques<\/strong><\/li>\n<li><strong>Task 2.2: Electrical contacting measurement techniques<\/strong><\/li>\n<li><strong>Task 2.3: Integrated multi-physics characterisations<\/strong><\/li>\n<li><strong>Task 2.4: Measurement errors and uncertainty<\/strong><\/li>\n<\/ul>\n<p>&nbsp;<\/p>\n<hr \/>\n<h2><strong>WP3: Power Consumption measurement of wireless systems<\/strong><\/h2>\n<p><strong>WP leader<\/strong>: <u>LNE<\/u><\/p>\n<p><strong>Other participants<\/strong>: JV, LNE, UNIVERSITY OF SURREY, UNIVERSITY OF LILLE 1, UNIVERSIT\u00c9 PARIS-EST MARNE-LA-VALL\u00c9E<\/p>\n<p><strong>Objective<\/strong>: The aim of this work package is to develop embedded sensors and the associated calibration and measurement techniques to accurately measure power consumption of wireless systems (mobile phones, tablets and connected devices) and to improve the effectiveness of analogue and RF tests of components and systems.<\/p>\n<p><strong>Structure<\/strong><\/p>\n<ul>\n<li><strong>Task 3.1: Development of calibration techniques for power sensors: on-chip and lab level<\/strong><\/li>\n<li><strong>Task 3.2: Design and modelling of the embedded microwave sensors on Silicon technologies<\/strong><\/li>\n<li><strong>Task 3.3: Characterisation of the embedded microwave sensors on Silicon technologies<\/strong><\/li>\n<li><strong>Task 3.4: Non-intrusive techniques for the characterisation of PCB consumption<\/strong><\/li>\n<\/ul>\n<p><strong>\u00a0<\/strong><\/p>\n<hr \/>\n<h2><strong>WP4:\u00a0<\/strong><strong>Creating impact<\/strong><\/h2>\n<p><strong>WP leader<\/strong>: <u>NPL<\/u><\/p>\n<p><strong>Other participants<\/strong>: BAM, CMI, JV, LNE, NPL, PTB, CNRS, ELECTROSCIENCES LIMITED, UNIVERSITY OF SURREY, UNIVERSITY OF LIVERPOOL, UNIVERSITY OF LILLE 1, UNIVERSITAT POLIT\u00c8CNICA DE CATALUNYA, UNIVERSIT\u00c9 PARIS-EST MARNE-LA-VALL\u00c9E, METAS<\/p>\n<p><strong>Objective<\/strong>: The aim is to maximise the impact of this project within the European community of stakeholders and industrial end-users, including those within other EURAMET countries outside EMPIR. This will ensure that this project achieves the highest possible impact on the European region.<\/p>\n<p><strong>Structure<\/strong><\/p>\n<ul>\n<li><strong>Task 4.1 Knowledge transfer<\/strong><\/li>\n<li><strong>Task 4.2: Training<\/strong><\/li>\n<li><strong>Task 4.3: Uptake and exploitation<\/strong><\/li>\n<\/ul>\n<h2><\/h2>\n<hr \/>\n<h2><strong>WP5: Management and coordination<\/strong><\/h2>\n<p><strong>WP leader<\/strong>: <u>LNE<\/u><\/p>\n<p><strong>Other participants<\/strong>: BAM, CMI, JV, LNE, NPL, PTB, CNRS, ELECTROSCIENCES LIMITED, UNIVERSITY OF SURREY, UNIVERSITY OF LIVERPOOL, UNIVERSITY OF LILLE 1, UNIVERSITAT POLIT\u00c8CNICA DE CATALUNYA, UNIVERSIT\u00c9 PARIS-EST MARNE-LA-VALL\u00c9E, METAS<\/p>\n<p><strong>Structure<\/strong><\/p>\n<ul>\n<li><strong>Task 5.1: Project management<\/strong><\/li>\n<li><strong>Task 5.2: Project meetings<\/strong><\/li>\n<li><strong>Task 5.3: Project reporting<\/strong><\/li>\n<\/ul>\n","protected":false},"excerpt":{"rendered":"<p>WP1: Nanometrology for new materials WP leader: PTB Other participants: BAM, LNE, PTB, CNRS, ELECTROSCIENCES LIMITED, UNIVERSITY OF LIVERPOOL, METAS Objective: The aim of this work package is to develop complementary nano-metrologies adapted to the new class of materials proposed for the next generation of ultra-low power energy-efficient devices. Structure Task 1.1: Impedance metrology on [&hellip;]<\/p>\n","protected":false},"author":1,"featured_media":0,"parent":0,"menu_order":0,"comment_status":"closed","ping_status":"closed","template":"","meta":{"_acf_changed":false,"_genesis_hide_title":false,"_genesis_hide_breadcrumbs":false,"_genesis_hide_singular_image":false,"_genesis_hide_footer_widgets":false,"_genesis_custom_body_class":"","_genesis_custom_post_class":"","_genesis_layout":"","footnotes":""},"class_list":{"0":"post-22","1":"page","2":"type-page","3":"status-publish","5":"entry","6":"gs-1","7":"gs-odd","8":"gs-even","9":"gs-featured-content-entry"},"acf":[],"_links":{"self":[{"href":"https:\/\/projects.lne.eu\/jrp-advent\/wp-json\/wp\/v2\/pages\/22"}],"collection":[{"href":"https:\/\/projects.lne.eu\/jrp-advent\/wp-json\/wp\/v2\/pages"}],"about":[{"href":"https:\/\/projects.lne.eu\/jrp-advent\/wp-json\/wp\/v2\/types\/page"}],"author":[{"embeddable":true,"href":"https:\/\/projects.lne.eu\/jrp-advent\/wp-json\/wp\/v2\/users\/1"}],"replies":[{"embeddable":true,"href":"https:\/\/projects.lne.eu\/jrp-advent\/wp-json\/wp\/v2\/comments?post=22"}],"version-history":[{"count":7,"href":"https:\/\/projects.lne.eu\/jrp-advent\/wp-json\/wp\/v2\/pages\/22\/revisions"}],"predecessor-version":[{"id":1388,"href":"https:\/\/projects.lne.eu\/jrp-advent\/wp-json\/wp\/v2\/pages\/22\/revisions\/1388"}],"wp:attachment":[{"href":"https:\/\/projects.lne.eu\/jrp-advent\/wp-json\/wp\/v2\/media?parent=22"}],"curies":[{"name":"wp","href":"https:\/\/api.w.org\/{rel}","templated":true}]}}