{"id":2258,"date":"2024-12-04T09:18:39","date_gmt":"2024-12-04T09:18:39","guid":{"rendered":"https:\/\/projects.lne.eu\/jrp-di-vision\/?page_id=2258"},"modified":"2026-02-27T12:36:13","modified_gmt":"2026-02-27T12:36:13","slug":"stakeholders-and-ethics-advisor","status":"publish","type":"page","link":"https:\/\/projects.lne.eu\/jrp-di-vision\/stakeholders-and-ethics-advisor\/","title":{"rendered":"Stakeholders &amp; Ethics advisor"},"content":{"rendered":"<h2>Stakeholders committee<\/h2>\n<p><img decoding=\"async\" src=\"https:\/\/encrypted-tbn0.gstatic.com\/images?q=tbn:ANd9GcQwPGCVv4UcfYi2uyYxNL8Q6RZFrdvo8YWu6A&amp;s\" alt=\"Dossier Ma Th\u00e8se En 180 Secondes - CultureSciences de l'Ing\u00e9nieur - \u00e9duscol STI\" \/> \u00a0 \u00a0 \u00a0 <img loading=\"lazy\" decoding=\"async\" class=\"\" src=\"https:\/\/studyinslovenia.si\/wp-content\/uploads\/UL_logo-RGB_barv.png\" alt=\"Showcase of Institutions - Study in SloveniaStudy in Slovenia\" width=\"237\" height=\"130\" \/>\u00a0 \u00a0 \u00a0 \u00a0 <img loading=\"lazy\" decoding=\"async\" class=\"\" src=\"https:\/\/media.licdn.com\/dms\/image\/v2\/C4D0BAQEZfvKUWaWslQ\/company-logo_200_200\/company-logo_200_200\/0\/1630518643983\/toelt_logo?e=2147483647&amp;v=beta&amp;t=eFlRntBFmOFf7DFQTcU4fS4EVYybfDAJw4-KDk1vKYk\" width=\"130\" height=\"130\" \/>\u00a0 \u00a0 \u00a0 \u00a0 \u00a0 \u00a0 \u00a0 \u00a0 \u00a0<img loading=\"lazy\" decoding=\"async\" class=\"alignnone wp-image-2340\" src=\"https:\/\/projects.lne.eu\/jrp-di-vision\/wp-content\/uploads\/sites\/34\/2025\/06\/logo_SMARTTECH-300x65.png\" alt=\"\" width=\"329\" height=\"71\" srcset=\"https:\/\/projects.lne.eu\/jrp-di-vision\/wp-content\/uploads\/sites\/34\/2025\/06\/logo_SMARTTECH-300x65.png 300w, https:\/\/projects.lne.eu\/jrp-di-vision\/wp-content\/uploads\/sites\/34\/2025\/06\/logo_SMARTTECH-1024x222.png 1024w, https:\/\/projects.lne.eu\/jrp-di-vision\/wp-content\/uploads\/sites\/34\/2025\/06\/logo_SMARTTECH-768x167.png 768w, https:\/\/projects.lne.eu\/jrp-di-vision\/wp-content\/uploads\/sites\/34\/2025\/06\/logo_SMARTTECH-1536x333.png 1536w, https:\/\/projects.lne.eu\/jrp-di-vision\/wp-content\/uploads\/sites\/34\/2025\/06\/logo_SMARTTECH-2048x445.png 2048w\" sizes=\"(max-width: 329px) 100vw, 329px\" \/>\u00a0 \u00a0 \u00a0 \u00a0 \u00a0 \u00a0<img loading=\"lazy\" decoding=\"async\" class=\"alignnone wp-image-2369\" src=\"https:\/\/projects.lne.eu\/jrp-di-vision\/wp-content\/uploads\/sites\/34\/2025\/07\/Image2-300x173.png\" alt=\"\" width=\"203\" height=\"117\" srcset=\"https:\/\/projects.lne.eu\/jrp-di-vision\/wp-content\/uploads\/sites\/34\/2025\/07\/Image2-300x173.png 300w, https:\/\/projects.lne.eu\/jrp-di-vision\/wp-content\/uploads\/sites\/34\/2025\/07\/Image2.png 318w\" sizes=\"(max-width: 203px) 100vw, 203px\" \/><\/p>\n<p>&nbsp;<\/p>\n<p><img loading=\"lazy\" decoding=\"async\" class=\"alignnone wp-image-2365\" src=\"https:\/\/projects.lne.eu\/jrp-di-vision\/wp-content\/uploads\/sites\/34\/2025\/07\/Image1-300x62.png\" alt=\"\" width=\"314\" height=\"65\" srcset=\"https:\/\/projects.lne.eu\/jrp-di-vision\/wp-content\/uploads\/sites\/34\/2025\/07\/Image1-300x62.png 300w, https:\/\/projects.lne.eu\/jrp-di-vision\/wp-content\/uploads\/sites\/34\/2025\/07\/Image1-768x158.png 768w, https:\/\/projects.lne.eu\/jrp-di-vision\/wp-content\/uploads\/sites\/34\/2025\/07\/Image1.png 946w\" sizes=\"(max-width: 314px) 100vw, 314px\" \/>\u00a0 \u00a0 \u00a0\u00a0 \u00a0 <img loading=\"lazy\" decoding=\"async\" class=\"alignnone wp-image-2371\" src=\"https:\/\/projects.lne.eu\/jrp-di-vision\/wp-content\/uploads\/sites\/34\/2025\/07\/Image3-300x76.png\" alt=\"\" width=\"213\" height=\"54\" srcset=\"https:\/\/projects.lne.eu\/jrp-di-vision\/wp-content\/uploads\/sites\/34\/2025\/07\/Image3-300x76.png 300w, https:\/\/projects.lne.eu\/jrp-di-vision\/wp-content\/uploads\/sites\/34\/2025\/07\/Image3.png 679w\" sizes=\"(max-width: 213px) 100vw, 213px\" \/><\/p>\n<h2><img loading=\"lazy\" decoding=\"async\" class=\"alignnone wp-image-2427\" src=\"https:\/\/projects.lne.eu\/jrp-di-vision\/wp-content\/uploads\/sites\/34\/2026\/02\/letterhead-Marposs-France_logo-HD-261x300.png\" alt=\"\" width=\"109\" height=\"125\" srcset=\"https:\/\/projects.lne.eu\/jrp-di-vision\/wp-content\/uploads\/sites\/34\/2026\/02\/letterhead-Marposs-France_logo-HD-261x300.png 261w, https:\/\/projects.lne.eu\/jrp-di-vision\/wp-content\/uploads\/sites\/34\/2026\/02\/letterhead-Marposs-France_logo-HD.png 310w\" sizes=\"(max-width: 109px) 100vw, 109px\" \/>\u00a0 \u00a0 \u00a0 \u00a0<img loading=\"lazy\" decoding=\"async\" class=\"alignnone wp-image-2433\" style=\"font-size: 16px\" src=\"https:\/\/projects.lne.eu\/jrp-di-vision\/wp-content\/uploads\/sites\/34\/2026\/02\/BoemaFPT-300x265.png\" alt=\"\" width=\"163\" height=\"144\" srcset=\"https:\/\/projects.lne.eu\/jrp-di-vision\/wp-content\/uploads\/sites\/34\/2026\/02\/BoemaFPT-300x265.png 300w, https:\/\/projects.lne.eu\/jrp-di-vision\/wp-content\/uploads\/sites\/34\/2026\/02\/BoemaFPT.png 381w\" sizes=\"(max-width: 163px) 100vw, 163px\" \/>\u00a0 \u00a0 <img loading=\"lazy\" decoding=\"async\" class=\"alignnone size-medium wp-image-2435\" src=\"https:\/\/projects.lne.eu\/jrp-di-vision\/wp-content\/uploads\/sites\/34\/2026\/02\/University-300x156.jpg\" alt=\"\" width=\"300\" height=\"156\" srcset=\"https:\/\/projects.lne.eu\/jrp-di-vision\/wp-content\/uploads\/sites\/34\/2026\/02\/University-300x156.jpg 300w, https:\/\/projects.lne.eu\/jrp-di-vision\/wp-content\/uploads\/sites\/34\/2026\/02\/University-768x399.jpg 768w, https:\/\/projects.lne.eu\/jrp-di-vision\/wp-content\/uploads\/sites\/34\/2026\/02\/University.jpg 799w\" sizes=\"(max-width: 300px) 100vw, 300px\" \/><\/h2>\n<h2><img loading=\"lazy\" decoding=\"async\" class=\"alignnone  wp-image-2438\" src=\"https:\/\/projects.lne.eu\/jrp-di-vision\/wp-content\/uploads\/sites\/34\/2026\/02\/logo-300x214.jpg\" alt=\"\" width=\"205\" height=\"146\" srcset=\"https:\/\/projects.lne.eu\/jrp-di-vision\/wp-content\/uploads\/sites\/34\/2026\/02\/logo-300x214.jpg 300w, https:\/\/projects.lne.eu\/jrp-di-vision\/wp-content\/uploads\/sites\/34\/2026\/02\/logo.jpg 600w\" sizes=\"(max-width: 205px) 100vw, 205px\" \/><\/h2>\n<p>&nbsp;<\/p>\n<p>&nbsp;<\/p>\n<h2>Ethics advisor<\/h2>\n<p><strong>Mich\u00e8le LEDUC<\/strong>, Full Research Professor Emeritus at the CNRS (National Center for Scientific Research) in France, member of the department of Physics at the high engineering school \u201c\u00c9cole Normale Sup\u00e9rieure\u201d, Bose-Einstein Condensates researcher, member of the CNRS Ethics Committee, member of the science integrity group at the French Academy of Science,\u00a0 European ethics expert<\/p>\n","protected":false},"excerpt":{"rendered":"<p>Stakeholders committee \u00a0 \u00a0 \u00a0 \u00a0 \u00a0 \u00a0 \u00a0 \u00a0 \u00a0 \u00a0 \u00a0 \u00a0 \u00a0 \u00a0 \u00a0 \u00a0\u00a0 \u00a0 \u00a0 \u00a0 \u00a0 \u00a0 &nbsp; \u00a0 \u00a0 \u00a0\u00a0 \u00a0 \u00a0 \u00a0 \u00a0 \u00a0\u00a0 \u00a0 &nbsp; &nbsp; Ethics advisor Mich\u00e8le LEDUC, Full Research Professor Emeritus at the CNRS (National Center for Scientific Research) in France, member of [&hellip;]<\/p>\n","protected":false},"author":55,"featured_media":0,"parent":0,"menu_order":0,"comment_status":"closed","ping_status":"closed","template":"","meta":{"_acf_changed":false,"_genesis_hide_title":false,"_genesis_hide_breadcrumbs":false,"_genesis_hide_singular_image":false,"_genesis_hide_footer_widgets":false,"_genesis_custom_body_class":"","_genesis_custom_post_class":"","_genesis_layout":"","footnotes":""},"class_list":{"0":"post-2258","1":"page","2":"type-page","3":"status-publish","5":"entry","6":"gs-1","7":"gs-odd","8":"gs-even","9":"gs-featured-content-entry"},"acf":[],"_links":{"self":[{"href":"https:\/\/projects.lne.eu\/jrp-di-vision\/wp-json\/wp\/v2\/pages\/2258"}],"collection":[{"href":"https:\/\/projects.lne.eu\/jrp-di-vision\/wp-json\/wp\/v2\/pages"}],"about":[{"href":"https:\/\/projects.lne.eu\/jrp-di-vision\/wp-json\/wp\/v2\/types\/page"}],"author":[{"embeddable":true,"href":"https:\/\/projects.lne.eu\/jrp-di-vision\/wp-json\/wp\/v2\/users\/55"}],"replies":[{"embeddable":true,"href":"https:\/\/projects.lne.eu\/jrp-di-vision\/wp-json\/wp\/v2\/comments?post=2258"}],"version-history":[{"count":28,"href":"https:\/\/projects.lne.eu\/jrp-di-vision\/wp-json\/wp\/v2\/pages\/2258\/revisions"}],"predecessor-version":[{"id":2439,"href":"https:\/\/projects.lne.eu\/jrp-di-vision\/wp-json\/wp\/v2\/pages\/2258\/revisions\/2439"}],"wp:attachment":[{"href":"https:\/\/projects.lne.eu\/jrp-di-vision\/wp-json\/wp\/v2\/media?parent=2258"}],"curies":[{"name":"wp","href":"https:\/\/api.w.org\/{rel}","templated":true}]}}